{"id":48,"date":"2011-11-28T22:59:11","date_gmt":"2011-11-28T22:59:11","guid":{"rendered":"http:\/\/www.ems.com.gt\/ing\/?page_id=48"},"modified":"2017-02-23T21:07:43","modified_gmt":"2017-02-23T21:07:43","slug":"policies-and-licences","status":"publish","type":"page","link":"https:\/\/www.ems.com.gt\/ing\/company\/policies-and-licences\/","title":{"rendered":"Politicas y Licencias"},"content":{"rendered":"<div id=\"fb-root\"><\/div>\n<p><script>(function(d, s, id) {\n  var js, fjs = d.getElementsByTagName(s)[0];\n  if (d.getElementById(id)) return;\n  js = d.createElement(s); js.id = id;\n  js.src = \"\/\/connect.facebook.net\/es_LA\/all.js#xfbml=1\";\n  fjs.parentNode.insertBefore(js, fjs);\n}(document, 'script', 'facebook-jssdk'));<\/script><\/p>\n<div class=\"fb-like\" data-href=\"http:\/\/www.ems.com.gt\/ing\/company\/policies-and-licences\/\" data-send=\"true\" data-width=\"450\" data-show-faces=\"true\" data-font=\"lucida grande\"><\/div>\n<div class=\"ems-sheet clearfix\">\n<div class=\"ems-layout-wrapper\">\n<div class=\"ems-content-layout\">\n<div class=\"ems-content-layout-row\">\n<div class=\"ems-layout-cell ems-content\">\n<article id=\"post-121\" class=\"ems-post ems-article post-121 page type-page status-publish hentry\">\n<div class=\"ems-postcontent ems-postcontent-0 clearfix\">\n<h4>Pol\u00edticas<\/h4>\n<p>EMS cuenta con pol\u00edticas de seguridad e higiene industrial, tabaco, drogas, acoso, etc\u00e9tera, y nos acogemos tambi\u00e9n con las pol\u00edticas de las empresas con las que colaboramos.<strong>\u00a0<\/strong><\/p>\n<p>&nbsp;<\/p>\n<h4>Licencias<\/h4>\n<p>EMS cuenta con licencias para operar, importar, exportar, almacenar y manejar \u00a0instalaciones de primera categor\u00eda para material radiactivo, emitida por la Direcci\u00f3n General de Energ\u00eda, Ministerio de Energ\u00eda y Minas de Guatemala, por la Unidad Reguladora de Radiaciones Ionizantes (UNRA) del Ministerio de Salud P\u00fablica de El Salvador y por la Comisi\u00f3n Nacional de Energ\u00eda At\u00f3mica (CONEA) de Nicaragua.<\/p>\n<div class=\"col-md-2 col-sm-4 col-xs-4\"><\/div>\n<div class=\"col-md-2 col-sm-4 col-xs-4\"><\/div>\n<div class=\"col-md-2 col-sm-4 col-xs-4\"><\/div>\n<\/div>\n<\/article>\n<\/div>\n<\/div>\n<\/div>\n<\/div>\n<\/div>\n<p>&nbsp;<\/p>\n<p>&nbsp;<\/p>\n<p>&nbsp;<\/p>\n<p>&nbsp;<\/p>\n<p>&nbsp;<\/p>\n<p>&nbsp;<\/p>\n<p>&nbsp;<\/p>\n<p>&nbsp;<\/p>\n<p>&nbsp;<\/p>\n<p>&nbsp;<\/p>\n<p>&nbsp;<\/p>\n<p>&nbsp;<\/p>\n<p>&nbsp;<\/p>\n<p>&nbsp;<\/p>\n<p>&nbsp;<\/p>\n<p>&nbsp;<\/p>\n<p>&nbsp;<\/p>\n<p>&nbsp;","protected":false},"excerpt":{"rendered":"<p>Pol\u00edticas EMS cuenta con pol\u00edticas de seguridad e higiene industrial, tabaco, drogas, acoso, etc\u00e9tera, y nos acogemos tambi\u00e9n con las pol\u00edticas de las empresas con las que colaboramos.\u00a0 &nbsp; Licencias EMS cuenta con licencias para operar, importar, exportar, almacenar y manejar \u00a0instalaciones de primera categor\u00eda para material radiactivo, emitida por la Direcci\u00f3n General de Energ\u00eda, &hellip; <\/p>\n","protected":false},"author":1,"featured_media":0,"parent":2,"menu_order":17,"comment_status":"open","ping_status":"open","template":"","meta":{"footnotes":""},"_links":{"self":[{"href":"https:\/\/www.ems.com.gt\/ing\/wp-json\/wp\/v2\/pages\/48"}],"collection":[{"href":"https:\/\/www.ems.com.gt\/ing\/wp-json\/wp\/v2\/pages"}],"about":[{"href":"https:\/\/www.ems.com.gt\/ing\/wp-json\/wp\/v2\/types\/page"}],"author":[{"embeddable":true,"href":"https:\/\/www.ems.com.gt\/ing\/wp-json\/wp\/v2\/users\/1"}],"replies":[{"embeddable":true,"href":"https:\/\/www.ems.com.gt\/ing\/wp-json\/wp\/v2\/comments?post=48"}],"version-history":[{"count":11,"href":"https:\/\/www.ems.com.gt\/ing\/wp-json\/wp\/v2\/pages\/48\/revisions"}],"predecessor-version":[{"id":195,"href":"https:\/\/www.ems.com.gt\/ing\/wp-json\/wp\/v2\/pages\/48\/revisions\/195"}],"up":[{"embeddable":true,"href":"https:\/\/www.ems.com.gt\/ing\/wp-json\/wp\/v2\/pages\/2"}],"wp:attachment":[{"href":"https:\/\/www.ems.com.gt\/ing\/wp-json\/wp\/v2\/media?parent=48"}],"curies":[{"name":"wp","href":"https:\/\/api.w.org\/{rel}","templated":true}]}}