{"id":27,"date":"2011-11-08T23:29:28","date_gmt":"2011-11-08T23:29:28","guid":{"rendered":"http:\/\/www.ems.com.gt\/ing\/?page_id=27"},"modified":"2017-05-25T17:46:30","modified_gmt":"2017-05-25T17:46:30","slug":"supervision-of-construction","status":"publish","type":"page","link":"https:\/\/www.ems.com.gt\/ing\/products-and-services\/supervision-of-construction\/","title":{"rendered":"Supervision de Construcci\u00f3n"},"content":{"rendered":"<div id=\"gt-res-content\">\n<h4 id=\"gt-res-dir-ctr\" class=\"trans-verified-button-small\" dir=\"ltr\"><span class=\"\" lang=\"es\"><span class=\"\" lang=\"es\"><span class=\"\">SUPERVISI\u00d3N DE CONSTRUCCI\u00d3N E INSTALACI\u00d3N.<\/span><\/span><\/span><\/h4>\n<h4 class=\"trans-verified-button-small\" dir=\"ltr\"><span class=\"\" lang=\"es\"><span class=\"\" lang=\"es\"><br \/>\n(1) Inspector de clientes<\/span><\/span><\/h4>\n<h4 class=\"trans-verified-button-small\" dir=\"ltr\"><\/h4>\n<h4 class=\"trans-verified-button-small\" dir=\"ltr\">ASESORAMIENTO SOBRE C\u00d3DIGOS, REGLAS Y PROCEDIMIENTOS.<\/h4>\n<div class=\"trans-verified-button-small\" dir=\"ltr\"><\/div>\n<div class=\"trans-verified-button-small\" dir=\"ltr\">\n<p>1 Nuestra experiencia en el campo nos permite asesorar adecuadamente sobre la selecci\u00f3n, interpretaci\u00f3n e implementaci\u00f3n de varios est\u00e1ndares internacionales.<\/p>\n<h4>GARANT\u00cdA DE CALIDAD EN PROYECTOS INDUSTRIALES.<\/h4>\n<p>1.1 Podemos desarrollar un programa de garant\u00eda de calidad que vaya m\u00e1s all\u00e1 de un simple control de calidad.<\/p>\n<p>1.2. Programas de inspector de clientes.<\/p>\n<\/div>\n<\/div>\n<div id=\"gt-res-tools\"><\/div>\n<div id=\"gt-text-top\"><\/div>\n<p><img loading=\"lazy\" decoding=\"async\" class=\"aligncenter size-full wp-image-343\" src=\"http:\/\/www.ems.com.gt\/ing\/wp-content\/uploads\/ems-esfera02-1.png\" alt=\"\" width=\"514\" height=\"284\" \/>","protected":false},"excerpt":{"rendered":"<p>SUPERVISI\u00d3N DE CONSTRUCCI\u00d3N E INSTALACI\u00d3N. (1) Inspector de clientes ASESORAMIENTO SOBRE C\u00d3DIGOS, REGLAS Y PROCEDIMIENTOS. 1 Nuestra experiencia en el campo nos permite asesorar adecuadamente sobre la selecci\u00f3n, interpretaci\u00f3n e implementaci\u00f3n de varios est\u00e1ndares internacionales. GARANT\u00cdA DE CALIDAD EN PROYECTOS INDUSTRIALES. 1.1 Podemos desarrollar un programa de garant\u00eda de calidad que vaya m\u00e1s all\u00e1 de &hellip; <\/p>\n","protected":false},"author":1,"featured_media":0,"parent":16,"menu_order":5,"comment_status":"open","ping_status":"open","template":"","meta":{"footnotes":""},"_links":{"self":[{"href":"https:\/\/www.ems.com.gt\/ing\/wp-json\/wp\/v2\/pages\/27"}],"collection":[{"href":"https:\/\/www.ems.com.gt\/ing\/wp-json\/wp\/v2\/pages"}],"about":[{"href":"https:\/\/www.ems.com.gt\/ing\/wp-json\/wp\/v2\/types\/page"}],"author":[{"embeddable":true,"href":"https:\/\/www.ems.com.gt\/ing\/wp-json\/wp\/v2\/users\/1"}],"replies":[{"embeddable":true,"href":"https:\/\/www.ems.com.gt\/ing\/wp-json\/wp\/v2\/comments?post=27"}],"version-history":[{"count":12,"href":"https:\/\/www.ems.com.gt\/ing\/wp-json\/wp\/v2\/pages\/27\/revisions"}],"predecessor-version":[{"id":344,"href":"https:\/\/www.ems.com.gt\/ing\/wp-json\/wp\/v2\/pages\/27\/revisions\/344"}],"up":[{"embeddable":true,"href":"https:\/\/www.ems.com.gt\/ing\/wp-json\/wp\/v2\/pages\/16"}],"wp:attachment":[{"href":"https:\/\/www.ems.com.gt\/ing\/wp-json\/wp\/v2\/media?parent=27"}],"curies":[{"name":"wp","href":"https:\/\/api.w.org\/{rel}","templated":true}]}}