{"id":240,"date":"2017-05-18T21:22:12","date_gmt":"2017-05-18T21:22:12","guid":{"rendered":"http:\/\/www.ems.com.gt\/ing\/?page_id=240"},"modified":"2020-06-17T05:56:38","modified_gmt":"2020-06-17T05:56:38","slug":"area-de-proyectos","status":"publish","type":"page","link":"https:\/\/www.ems.com.gt\/ing\/area-de-proyectos\/","title":{"rendered":"PROYECTOS"},"content":{"rendered":"<p style=\"text-align: justify;\"> Nuestro grupo multidisciplinario puede apoyarle en el desarrollo de sus proyectos. Nuestros ingenieros tienen la capacidad y la habilidad para emplear el software de dise\u00f1o de \u00faltima generaci\u00f3n.<\/p>\n<p>Tipos de proyectos:<\/p>\n<ul>\n<li style=\"text-align: justify;\">Dise\u00f1o y elaboraci\u00f3n de planos de fabricaci\u00f3n y montaje de tuber\u00edas<\/li>\n<li style=\"text-align: justify;\">Redes contra incendio<\/li>\n<li style=\"text-align: justify;\">Tanques de almacenamiento<\/li>\n<li>Montaje y soldadura de tuber\u00edas de alta presi\u00f3n para conducci\u00f3n de combustibles y de vapor<\/li>\n<li>Montaje de puentes vehiculares<\/li>\n<li>Fabricaci\u00f3n y montaje de tanques de almacenamiento de l\u00edquidos inflamables y combustibles<\/li>\n<li>Reparaci\u00f3n de soldaduras defectuosas en las estructuras anteriormente descritas<\/li>\n<li>Tratamientos t\u00e9rmicos en soldaduras de tuber\u00eda de baja aleaci\u00f3n empleando m\u00e1quinas programables y calibradas<\/li>\n<li>Reparaci\u00f3n de gr\u00faas y pruebas de carga<\/li>\n<li>Pruebas hidrost\u00e1ticas en tuber\u00edas y tanques hasta una presi\u00f3n de 3,000 PSI<\/li>\n<\/ul>\n<p style=\"text-align: justify;\">\n<p><img loading=\"lazy\" decoding=\"async\" class=\"aligncenter size-full wp-image-262\" src=\"http:\/\/www.ems.com.gt\/ing\/wp-content\/uploads\/proyectosems.png\" alt=\"\" width=\"1368\" height=\"2135\" srcset=\"https:\/\/www.ems.com.gt\/ing\/wp-content\/uploads\/proyectosems.png 1368w, https:\/\/www.ems.com.gt\/ing\/wp-content\/uploads\/proyectosems-192x300.png 192w, https:\/\/www.ems.com.gt\/ing\/wp-content\/uploads\/proyectosems-768x1199.png 768w, https:\/\/www.ems.com.gt\/ing\/wp-content\/uploads\/proyectosems-656x1024.png 656w\" sizes=\"(max-width: 1368px) 100vw, 1368px\" \/>","protected":false},"excerpt":{"rendered":"<p>Nuestro grupo multidisciplinario puede apoyarle en el desarrollo de sus proyectos. Nuestros ingenieros tienen la capacidad y la habilidad para emplear el software de dise\u00f1o de \u00faltima generaci\u00f3n. Tipos de proyectos: Dise\u00f1o y elaboraci\u00f3n de planos de fabricaci\u00f3n y montaje de tuber\u00edas Redes contra incendio Tanques de almacenamiento Montaje y soldadura de tuber\u00edas de alta &hellip; <\/p>\n","protected":false},"author":1,"featured_media":0,"parent":0,"menu_order":0,"comment_status":"closed","ping_status":"closed","template":"","meta":{"footnotes":""},"_links":{"self":[{"href":"https:\/\/www.ems.com.gt\/ing\/wp-json\/wp\/v2\/pages\/240"}],"collection":[{"href":"https:\/\/www.ems.com.gt\/ing\/wp-json\/wp\/v2\/pages"}],"about":[{"href":"https:\/\/www.ems.com.gt\/ing\/wp-json\/wp\/v2\/types\/page"}],"author":[{"embeddable":true,"href":"https:\/\/www.ems.com.gt\/ing\/wp-json\/wp\/v2\/users\/1"}],"replies":[{"embeddable":true,"href":"https:\/\/www.ems.com.gt\/ing\/wp-json\/wp\/v2\/comments?post=240"}],"version-history":[{"count":8,"href":"https:\/\/www.ems.com.gt\/ing\/wp-json\/wp\/v2\/pages\/240\/revisions"}],"predecessor-version":[{"id":478,"href":"https:\/\/www.ems.com.gt\/ing\/wp-json\/wp\/v2\/pages\/240\/revisions\/478"}],"wp:attachment":[{"href":"https:\/\/www.ems.com.gt\/ing\/wp-json\/wp\/v2\/media?parent=240"}],"curies":[{"name":"wp","href":"https:\/\/api.w.org\/{rel}","templated":true}]}}