{"id":237,"date":"2017-05-18T21:17:46","date_gmt":"2017-05-18T21:17:46","guid":{"rendered":"http:\/\/www.ems.com.gt\/ing\/?page_id=237"},"modified":"2017-05-25T21:43:23","modified_gmt":"2017-05-25T21:43:23","slug":"homologacion-de-soldadores-y-operadores-de-soldadura","status":"publish","type":"page","link":"https:\/\/www.ems.com.gt\/ing\/homologacion-de-soldadores-y-operadores-de-soldadura\/","title":{"rendered":"Homologaci\u00f3n de Soldadores y Operadores de Soldadura"},"content":{"rendered":"<img loading=\"lazy\" decoding=\"async\" class=\"aligncenter size-full wp-image-330\" src=\"http:\/\/www.ems.com.gt\/ing\/wp-content\/uploads\/UTPL-43517.png\" alt=\"\" width=\"380\" height=\"503\" \/><\/p>\n<p>Elaboracion de Hoja de Pruebas (WTS).<\/p>\n<p>Conducci\u00f3n de las pruebas o examenes de desempe\u00f1o.<\/p>\n<p>Ejecuci\u00f3n de ensayos no destructivo.<\/p>\n<p>Preparaci\u00f3n de cupones o probetas para ensayos de doblez guiado o nick breack.<\/p>\n<p>Conducci\u00f3n de ensayos de doblez guiado o nick breack.<\/p>\n<p><img loading=\"lazy\" decoding=\"async\" class=\"aligncenter size-full wp-image-355\" src=\"http:\/\/www.ems.com.gt\/ing\/wp-content\/uploads\/doblez.png\" alt=\"\" width=\"450\" height=\"517\" \/><\/p>\n<p>&nbsp;<\/p>\n<p>&nbsp;","protected":false},"excerpt":{"rendered":"<p>Elaboracion de Hoja de Pruebas (WTS). Conducci\u00f3n de las pruebas o examenes de desempe\u00f1o. Ejecuci\u00f3n de ensayos no destructivo. Preparaci\u00f3n de cupones o probetas para ensayos de doblez guiado o nick breack. Conducci\u00f3n de ensayos de doblez guiado o nick breack. &nbsp; &nbsp;<\/p>\n","protected":false},"author":1,"featured_media":0,"parent":0,"menu_order":0,"comment_status":"closed","ping_status":"closed","template":"","meta":{"footnotes":""},"_links":{"self":[{"href":"https:\/\/www.ems.com.gt\/ing\/wp-json\/wp\/v2\/pages\/237"}],"collection":[{"href":"https:\/\/www.ems.com.gt\/ing\/wp-json\/wp\/v2\/pages"}],"about":[{"href":"https:\/\/www.ems.com.gt\/ing\/wp-json\/wp\/v2\/types\/page"}],"author":[{"embeddable":true,"href":"https:\/\/www.ems.com.gt\/ing\/wp-json\/wp\/v2\/users\/1"}],"replies":[{"embeddable":true,"href":"https:\/\/www.ems.com.gt\/ing\/wp-json\/wp\/v2\/comments?post=237"}],"version-history":[{"count":4,"href":"https:\/\/www.ems.com.gt\/ing\/wp-json\/wp\/v2\/pages\/237\/revisions"}],"predecessor-version":[{"id":357,"href":"https:\/\/www.ems.com.gt\/ing\/wp-json\/wp\/v2\/pages\/237\/revisions\/357"}],"wp:attachment":[{"href":"https:\/\/www.ems.com.gt\/ing\/wp-json\/wp\/v2\/media?parent=237"}],"curies":[{"name":"wp","href":"https:\/\/api.w.org\/{rel}","templated":true}]}}