{"id":22,"date":"2011-11-08T23:11:51","date_gmt":"2011-11-08T23:11:51","guid":{"rendered":"http:\/\/www.ems.com.gt\/ing\/?page_id=22"},"modified":"2017-05-25T17:15:21","modified_gmt":"2017-05-25T17:15:21","slug":"welding-engineering","status":"publish","type":"page","link":"https:\/\/www.ems.com.gt\/ing\/products-and-services\/welding-engineering\/","title":{"rendered":"Ingenieria de Soldadura"},"content":{"rendered":"<div><img loading=\"lazy\" decoding=\"async\" class=\"aligncenter size-full wp-image-339\" src=\"http:\/\/www.ems.com.gt\/ing\/wp-content\/uploads\/CALISOLDADORcc.png\" alt=\"\" width=\"458\" height=\"308\" \/>Elaboraci\u00f3n de procedimientos de soldadura (EPS o WPS, BPS)<\/div>\n<p>Registro de calificaci\u00f3n de procedimientos de soldadura (PQR\u00b4s), de acuerdo a AWS, API o ASME IX.<\/p>\n<p>Consultor\u00eda en dise\u00f1o de juntas y materiales de aporte, de acuerdo a necesidades del proyecto y norma de referencia.<\/p>\n<p>Tratamientos T\u00e9rmicos de Alivio de Esfuerzos en soldaduras (PWHT), por medio de resistencias.<\/p>\n<p>&nbsp;<\/p>\n<p><img loading=\"lazy\" decoding=\"async\" class=\"aligncenter size-full wp-image-290\" src=\"http:\/\/www.ems.com.gt\/ing\/wp-content\/uploads\/pwhtems.png\" alt=\"\" width=\"437\" height=\"188\" \/>","protected":false},"excerpt":{"rendered":"<p>Elaboraci\u00f3n de procedimientos de soldadura (EPS o WPS, BPS) Registro de calificaci\u00f3n de procedimientos de soldadura (PQR\u00b4s), de acuerdo a AWS, API o ASME IX. Consultor\u00eda en dise\u00f1o de juntas y materiales de aporte, de acuerdo a necesidades del proyecto y norma de referencia. Tratamientos T\u00e9rmicos de Alivio de Esfuerzos en soldaduras (PWHT), por medio &hellip; <\/p>\n","protected":false},"author":1,"featured_media":0,"parent":16,"menu_order":3,"comment_status":"open","ping_status":"open","template":"","meta":{"footnotes":""},"_links":{"self":[{"href":"https:\/\/www.ems.com.gt\/ing\/wp-json\/wp\/v2\/pages\/22"}],"collection":[{"href":"https:\/\/www.ems.com.gt\/ing\/wp-json\/wp\/v2\/pages"}],"about":[{"href":"https:\/\/www.ems.com.gt\/ing\/wp-json\/wp\/v2\/types\/page"}],"author":[{"embeddable":true,"href":"https:\/\/www.ems.com.gt\/ing\/wp-json\/wp\/v2\/users\/1"}],"replies":[{"embeddable":true,"href":"https:\/\/www.ems.com.gt\/ing\/wp-json\/wp\/v2\/comments?post=22"}],"version-history":[{"count":11,"href":"https:\/\/www.ems.com.gt\/ing\/wp-json\/wp\/v2\/pages\/22\/revisions"}],"predecessor-version":[{"id":340,"href":"https:\/\/www.ems.com.gt\/ing\/wp-json\/wp\/v2\/pages\/22\/revisions\/340"}],"up":[{"embeddable":true,"href":"https:\/\/www.ems.com.gt\/ing\/wp-json\/wp\/v2\/pages\/16"}],"wp:attachment":[{"href":"https:\/\/www.ems.com.gt\/ing\/wp-json\/wp\/v2\/media?parent=22"}],"curies":[{"name":"wp","href":"https:\/\/api.w.org\/{rel}","templated":true}]}}