{"id":20,"date":"2011-11-08T23:10:15","date_gmt":"2011-11-08T23:10:15","guid":{"rendered":"http:\/\/www.ems.com.gt\/ing\/?page_id=20"},"modified":"2017-05-25T21:54:29","modified_gmt":"2017-05-25T21:54:29","slug":"inspection-program","status":"publish","type":"page","link":"https:\/\/www.ems.com.gt\/ing\/products-and-services\/inspection-program\/","title":{"rendered":"Programa de Inspecci\u00f3n"},"content":{"rendered":"<strong>1.1. Inspector Del Cliente:\u00a0<\/strong><\/p>\n<p>Este programa garantiza al cliente que lo que ha contratado es lo que recibe, nuestro grupo de inspectores permanece en el proyecto y supervisa, ejecuta ensayos, verifica materiales y procedimientos, y registra avances durante la ejecuci\u00f3n del proyecto.<\/p>\n<p><strong> 1.2. Inspecci\u00f3n De Tanques, Tuberias y Edificios:\u00a0<\/strong><\/p>\n<p>Contamos con inspectores CERTIFICADOS bajo especificaciones API, AWS, NACE, ASNT, que garantiza a nuestros clientes los resultados.\u00a0 Estas inspecciones pueden ejecutarse durante la construcci\u00f3n en proyectos Nuevos o cuando han entrado en servicio, pudiendo realizarse las Inspecciones en Servicio o Fuera de Servicio.<\/p>\n<p>Ejecutamos Inspecci\u00f3n y Certificaci\u00f3n de Soldaduras y Equipos en Edificios, Puentes, Oleoductos, Tanques, etc.\u00a0 Inspecci\u00f3n de integridad de equipos.\u00a0 Inspecci\u00f3n de recubrimientos, detecci\u00f3n de \u201chollyday\u201d o picaduras, en tuber\u00edas con recubrimiento diel\u00e9ctrico tipo ep\u00f3xico, asf\u00e1ltico, de asbesto, fibra de vidrio, etc. en fondos y paredes internas de tanques.<\/p>\n<p><img loading=\"lazy\" decoding=\"async\" class=\"aligncenter size-full wp-image-306\" src=\"http:\/\/www.ems.com.gt\/ing\/wp-content\/uploads\/Alba22.png\" alt=\"\" width=\"701\" height=\"421\" srcset=\"https:\/\/www.ems.com.gt\/ing\/wp-content\/uploads\/Alba22.png 701w, https:\/\/www.ems.com.gt\/ing\/wp-content\/uploads\/Alba22-300x180.png 300w\" sizes=\"(max-width: 701px) 100vw, 701px\" \/>","protected":false},"excerpt":{"rendered":"<p>1.1. Inspector Del Cliente:\u00a0 Este programa garantiza al cliente que lo que ha contratado es lo que recibe, nuestro grupo de inspectores permanece en el proyecto y supervisa, ejecuta ensayos, verifica materiales y procedimientos, y registra avances durante la ejecuci\u00f3n del proyecto. 1.2. Inspecci\u00f3n De Tanques, Tuberias y Edificios:\u00a0 Contamos con inspectores CERTIFICADOS bajo especificaciones &hellip; <\/p>\n","protected":false},"author":1,"featured_media":306,"parent":16,"menu_order":2,"comment_status":"open","ping_status":"open","template":"","meta":{"footnotes":""},"_links":{"self":[{"href":"https:\/\/www.ems.com.gt\/ing\/wp-json\/wp\/v2\/pages\/20"}],"collection":[{"href":"https:\/\/www.ems.com.gt\/ing\/wp-json\/wp\/v2\/pages"}],"about":[{"href":"https:\/\/www.ems.com.gt\/ing\/wp-json\/wp\/v2\/types\/page"}],"author":[{"embeddable":true,"href":"https:\/\/www.ems.com.gt\/ing\/wp-json\/wp\/v2\/users\/1"}],"replies":[{"embeddable":true,"href":"https:\/\/www.ems.com.gt\/ing\/wp-json\/wp\/v2\/comments?post=20"}],"version-history":[{"count":8,"href":"https:\/\/www.ems.com.gt\/ing\/wp-json\/wp\/v2\/pages\/20\/revisions"}],"predecessor-version":[{"id":358,"href":"https:\/\/www.ems.com.gt\/ing\/wp-json\/wp\/v2\/pages\/20\/revisions\/358"}],"up":[{"embeddable":true,"href":"https:\/\/www.ems.com.gt\/ing\/wp-json\/wp\/v2\/pages\/16"}],"wp:featuredmedia":[{"embeddable":true,"href":"https:\/\/www.ems.com.gt\/ing\/wp-json\/wp\/v2\/media\/306"}],"wp:attachment":[{"href":"https:\/\/www.ems.com.gt\/ing\/wp-json\/wp\/v2\/media?parent=20"}],"curies":[{"name":"wp","href":"https:\/\/api.w.org\/{rel}","templated":true}]}}