{"id":183,"date":"2017-02-23T17:59:31","date_gmt":"2017-02-23T17:59:31","guid":{"rendered":"http:\/\/www.ems.com.gt\/ing\/?page_id=183"},"modified":"2020-06-18T03:27:47","modified_gmt":"2020-06-18T03:27:47","slug":"nuestra-organizacion","status":"publish","type":"page","link":"https:\/\/www.ems.com.gt\/ing\/nuestra-organizacion\/","title":{"rendered":"ORGANIZACI\u00d3N"},"content":{"rendered":"<p>Es \u00e1gil y din\u00e1mica para la toma de decisiones y el apoyo a nuestros clientes.\u00a0Estamos divididos en dos grandes \u00e1reas: proyectos y ensayos no destructivos.<\/p>\n<div class=\"ems-postcontent ems-postcontent-0 clearfix\">\u00a0<img loading=\"lazy\" decoding=\"async\" class=\"aligncenter size-full wp-image-321\" src=\"http:\/\/www.ems.com.gt\/ing\/wp-content\/uploads\/diagrama-1.png\" alt=\"\" width=\"2057\" height=\"1539\" srcset=\"https:\/\/www.ems.com.gt\/ing\/wp-content\/uploads\/diagrama-1.png 2057w, https:\/\/www.ems.com.gt\/ing\/wp-content\/uploads\/diagrama-1-300x224.png 300w, https:\/\/www.ems.com.gt\/ing\/wp-content\/uploads\/diagrama-1-768x575.png 768w, https:\/\/www.ems.com.gt\/ing\/wp-content\/uploads\/diagrama-1-1024x766.png 1024w\" sizes=\"(max-width: 2057px) 100vw, 2057px\" \/><\/div>","protected":false},"excerpt":{"rendered":"<p>Es \u00e1gil y din\u00e1mica para la toma de decisiones y el apoyo a nuestros clientes.\u00a0Estamos divididos en dos grandes \u00e1reas: proyectos y ensayos no destructivos. \u00a0<\/p>\n","protected":false},"author":1,"featured_media":0,"parent":0,"menu_order":0,"comment_status":"closed","ping_status":"closed","template":"","meta":{"footnotes":""},"_links":{"self":[{"href":"https:\/\/www.ems.com.gt\/ing\/wp-json\/wp\/v2\/pages\/183"}],"collection":[{"href":"https:\/\/www.ems.com.gt\/ing\/wp-json\/wp\/v2\/pages"}],"about":[{"href":"https:\/\/www.ems.com.gt\/ing\/wp-json\/wp\/v2\/types\/page"}],"author":[{"embeddable":true,"href":"https:\/\/www.ems.com.gt\/ing\/wp-json\/wp\/v2\/users\/1"}],"replies":[{"embeddable":true,"href":"https:\/\/www.ems.com.gt\/ing\/wp-json\/wp\/v2\/comments?post=183"}],"version-history":[{"count":9,"href":"https:\/\/www.ems.com.gt\/ing\/wp-json\/wp\/v2\/pages\/183\/revisions"}],"predecessor-version":[{"id":496,"href":"https:\/\/www.ems.com.gt\/ing\/wp-json\/wp\/v2\/pages\/183\/revisions\/496"}],"wp:attachment":[{"href":"https:\/\/www.ems.com.gt\/ing\/wp-json\/wp\/v2\/media?parent=183"}],"curies":[{"name":"wp","href":"https:\/\/api.w.org\/{rel}","templated":true}]}}