{"id":13,"date":"2011-11-08T22:56:03","date_gmt":"2011-11-08T22:56:03","guid":{"rendered":"http:\/\/www.ems.com.gt\/ing\/?page_id=13"},"modified":"2020-07-19T03:18:08","modified_gmt":"2020-07-19T03:18:08","slug":"our-staff-and-their-qualification","status":"publish","type":"page","link":"https:\/\/www.ems.com.gt\/ing\/company\/our-staff-and-their-qualification\/","title":{"rendered":"PERSONAL, CALIFICACIONES Y EXPERIENCIAS"},"content":{"rendered":"<p style=\"text-align: justify;\">\u00a0El recurso m\u00e1s valioso de\u00a0<strong>EMS <\/strong>es sin duda alguna su personal, por su preparaci\u00f3n y experiencia. Entre nuestro personal contamos con ingenieros especialistas, as\u00ed como t\u00e9cnicos en los distintos niveles en las diversas t\u00e9cnicas. EMS cuenta con Pr\u00e1ctica Escrita de acuerdo a\u00a0<strong>ASNT TC 1A<\/strong>, para el entrenamiento, calificaci\u00f3n y certificaci\u00f3n de nuestro personal en ensayos no destructivos. EMS cuenta con procedimientos de acuerdo a<strong>\u00a0ASME SECTION V, AWS y API<\/strong> para la ejecuci\u00f3n correcta de los ensayos.<\/p>\n<p style=\"text-align: justify;\">Nuestro personal ha sido certificado y calificado por las siguientes instituciones:<\/p>\n<p><a href=\"http:\/\/www.ems.com.gt\/ing\/wp-content\/uploads\/cuadro1.png\"><img loading=\"lazy\" decoding=\"async\" class=\"aligncenter wp-image-531 size-full\" src=\"https:\/\/www.ems.com.gt\/ing\/wp-content\/uploads\/cuadro1.png\" alt=\"\" width=\"648\" height=\"648\" srcset=\"https:\/\/www.ems.com.gt\/ing\/wp-content\/uploads\/cuadro1.png 648w, https:\/\/www.ems.com.gt\/ing\/wp-content\/uploads\/cuadro1-150x150.png 150w, https:\/\/www.ems.com.gt\/ing\/wp-content\/uploads\/cuadro1-300x300.png 300w\" sizes=\"(max-width: 648px) 100vw, 648px\" \/><\/a><\/p>\n<p><a href=\"http:\/\/www.ems.com.gt\/ing\/wp-content\/uploads\/WhatsApp-Image-2020-06-23-at-11.15.54-1.jpeg\"><img loading=\"lazy\" decoding=\"async\" class=\"aligncenter wp-image-533 size-full\" src=\"https:\/\/www.ems.com.gt\/ing\/wp-content\/uploads\/WhatsApp-Image-2020-06-23-at-11.15.54-1.jpeg\" alt=\"\" width=\"648\" height=\"216\" srcset=\"https:\/\/www.ems.com.gt\/ing\/wp-content\/uploads\/WhatsApp-Image-2020-06-23-at-11.15.54-1.jpeg 648w, https:\/\/www.ems.com.gt\/ing\/wp-content\/uploads\/WhatsApp-Image-2020-06-23-at-11.15.54-1-300x100.jpeg 300w\" sizes=\"(max-width: 648px) 100vw, 648px\" \/><\/a><\/p>\n<ul>\n<li>AWS (AMERICAN WELDING SOCIETY): CWI<\/li>\n<li>ASNDT ( AMERICAN SOCIETY FOR NON DESTRUCTIVE TESTING): Industrial Radiography, Visual Testing, Ultrasonic Testing, Eddy Current Testing, Magnetic Testing, Penetrant Testing<\/li>\n<li>CINDE (CANADIAN SOCIETY FOR NON DESTRUCTIVE TESTING): Industrial Radiography<\/li>\n<li>DGE (DIRECCI\u00d3N GENERAL DE ENERGIA)<\/li>\n<li>ESPOL (ESCUELA SUPERIOR POLITECNICA DEL LITORAL)<\/li>\n<li>ER&amp;E (EXXON RESEARCH AND ENGINEERING COMPANY, GULF COAST DIVISION, QA SECTION)<\/li>\n<li>INTERNATIONAL ATOMIC ENERGY AGENCY<\/li>\n<li>INSTITUTO DE ASUNTOS NUCLEARES DE BOGOT\u00c1, COLOMBIA<\/li>\n<li>UNIVERSIDAD PEDAG\u00d3GICA Y TECNOL\u00d3GICA DE COLOMBIA (UTPC). TUNJA, BOYACA, COLOMBIA<\/li>\n<li>HELLIER HOUSTON RADIATION SAFETY OFICER REFRESHMENT LEVEL III, BASIC &amp; UT LEVEL III<\/li>\n<li>AMERICAN PETROLEUM INSTITUTE (API)<\/li>\n<li>INSPECTOR CERTIFICADO TANQUES 653<\/li>\n<li>NDT SPECIALIST, COLORADO, USA: calificaci\u00f3n Nivel II, Radiograf\u00eda Industrial, Ultrasonido y Part\u00edculas Magn\u00e9ticas<\/li>\n<li>ANAENDA, CARACAS, VENEZUELA<\/li>\n<li>NDT CONSULTING, EL SALVADOR<\/li>\n<li>SILVERNET\/NTCE, BARRANCA BERMEJA, COLOMBIA<\/li>\n<li>LLOG S.A. DE C.V., CDMX<\/li>\n<li>CAPACITACION Y PRUEBAS NO DESTRUCTIVAS CDMX<\/li>\n<li><span style=\"font-size: inherit;\">AMERICAN PETROLEUM INSTITUTE (API)<\/span><\/li>\n<li><span style=\"font-size: inherit;\">CERTIFIED INSPECTOR TANKS 653\u00a0<\/span><\/li>\n<\/ul>","protected":false},"excerpt":{"rendered":"<p>\u00a0El recurso m\u00e1s valioso de\u00a0EMS es sin duda alguna su personal, por su preparaci\u00f3n y experiencia. Entre nuestro personal contamos con ingenieros especialistas, as\u00ed como t\u00e9cnicos en los distintos niveles en las diversas t\u00e9cnicas. EMS cuenta con Pr\u00e1ctica Escrita de acuerdo a\u00a0ASNT TC 1A, para el entrenamiento, calificaci\u00f3n y certificaci\u00f3n de nuestro personal en ensayos &hellip; <\/p>\n","protected":false},"author":1,"featured_media":0,"parent":2,"menu_order":2,"comment_status":"open","ping_status":"open","template":"","meta":{"footnotes":""},"_links":{"self":[{"href":"https:\/\/www.ems.com.gt\/ing\/wp-json\/wp\/v2\/pages\/13"}],"collection":[{"href":"https:\/\/www.ems.com.gt\/ing\/wp-json\/wp\/v2\/pages"}],"about":[{"href":"https:\/\/www.ems.com.gt\/ing\/wp-json\/wp\/v2\/types\/page"}],"author":[{"embeddable":true,"href":"https:\/\/www.ems.com.gt\/ing\/wp-json\/wp\/v2\/users\/1"}],"replies":[{"embeddable":true,"href":"https:\/\/www.ems.com.gt\/ing\/wp-json\/wp\/v2\/comments?post=13"}],"version-history":[{"count":31,"href":"https:\/\/www.ems.com.gt\/ing\/wp-json\/wp\/v2\/pages\/13\/revisions"}],"predecessor-version":[{"id":568,"href":"https:\/\/www.ems.com.gt\/ing\/wp-json\/wp\/v2\/pages\/13\/revisions\/568"}],"up":[{"embeddable":true,"href":"https:\/\/www.ems.com.gt\/ing\/wp-json\/wp\/v2\/pages\/2"}],"wp:attachment":[{"href":"https:\/\/www.ems.com.gt\/ing\/wp-json\/wp\/v2\/media?parent=13"}],"curies":[{"name":"wp","href":"https:\/\/api.w.org\/{rel}","templated":true}]}}