{"id":18,"date":"2011-11-08T23:08:24","date_gmt":"2011-11-08T23:08:24","guid":{"rendered":"http:\/\/www.ems.com.gt\/ing\/?page_id=18"},"modified":"2017-05-25T21:59:43","modified_gmt":"2017-05-25T21:59:43","slug":"non-destructive-testing","status":"publish","type":"page","link":"https:\/\/www.ems.com.gt\/ing\/en\/products-and-services\/non-destructive-testing\/","title":{"rendered":"Non Destructive Testing"},"content":{"rendered":"<div id=\"fb-root\"><\/div>\n<div id=\"fb-root\"><img loading=\"lazy\" decoding=\"async\" class=\"aligncenter size-full wp-image-359\" src=\"http:\/\/www.ems.com.gt\/ing\/wp-content\/uploads\/ULTRASONIDORENE.png\" alt=\"\" width=\"395\" height=\"555\" \/><\/div>\n<div id=\"gt-res-content\">\n<h4 id=\"gt-res-dir-ctr\" class=\"trans-verified-button-small\" dir=\"ltr\"><span class=\"\" lang=\"en\"><span class=\"\" lang=\"en\"><span title=\"1.1.\">1.1. <\/span><span title=\"Radiograf\u00eda Industrial (RT) Determinaci\u00f3n de discontinuidades en soldaduras de tuber\u00eda, tanques, estructuras, recipientes a presi\u00f3n, etc. \">Industrial Radiography (RT)<\/span><\/span><\/span><\/h4>\n<div class=\"trans-verified-button-small\" dir=\"ltr\"><\/div>\n<p class=\"trans-verified-button-small\" dir=\"ltr\"><span class=\"\" lang=\"en\"><span class=\"\" lang=\"en\"><span title=\"Radiograf\u00eda Industrial (RT) Determinaci\u00f3n de discontinuidades en soldaduras de tuber\u00eda, tanques, estructuras, recipientes a presi\u00f3n, etc. \"> Determination of discontinuities in pipe welds, tanks, structures, pressure vessels, etc.<br \/>\n<\/span><span title=\"Determinaci\u00f3n de discontinuidades en materiales forjados, piezas fundidas y materias primas. \">Determination of discontinuities in forged materials, castings and raw materials.<br \/>\n<\/span><span title=\"Aplicable en materiales ferrosos y no ferrosos y cer\u00e1micos. \">Applicable in ferrous and non-ferrous materials and ceramics.<\/span><\/span><\/span><\/p>\n<p>&nbsp;<\/p>\n<p><span class=\"\" lang=\"en\"><span class=\"\" lang=\"en\"><span title=\"1.2.\">1.2. <\/span><span title=\"Ultrasonido (UT) convencional y Arreglo de Fases: Determinaci\u00f3n de discontinuidades en soldaduras de tuber\u00eda, tanques, estructuras, recipientes a presi\u00f3n, etc. \">Conventional Ultrasound (UT) and Phase Arrangement:<\/span><\/span><\/span><\/p>\n<div class=\"trans-verified-button-small\" dir=\"ltr\"><\/div>\n<p class=\"trans-verified-button-small\" dir=\"ltr\"><span class=\"\" lang=\"en\"><span class=\"\" lang=\"en\"><span title=\"Ultrasonido (UT) convencional y Arreglo de Fases: Determinaci\u00f3n de discontinuidades en soldaduras de tuber\u00eda, tanques, estructuras, recipientes a presi\u00f3n, etc. \"> Determination of discontinuities in pipe welds, tanks, structures, pressure vessels, etc.<br \/>\n<\/span><span title=\"Determinaci\u00f3n de discontinuidades en materiales forjados, piezas fundidas y materias primas. \">Determination of discontinuities in forged materials, castings and raw materials.<br \/>\n<\/span><span title=\"Aplicable en materiales ferrosos y no ferrosos y cer\u00e1micos. \">Applicable in ferrous and non-ferrous materials and ceramics.<\/span><\/span><\/span><\/p>\n<p>&nbsp;<\/p>\n<p><span class=\"\" lang=\"en\"><span class=\"\" lang=\"en\"><span title=\"1.3.\">1.3. <\/span><span title=\"Determinaci\u00f3n de Espesores por Ultrasonido (UTT) Monitoreo de corrosi\u00f3n y erosi\u00f3n en tuber\u00edas y equipos. \">Ultrasonic Thickness Determination (UTT) <\/span><\/span><\/span><\/p>\n<div class=\"trans-verified-button-small\" dir=\"ltr\"><span class=\"\" lang=\"en\"><span class=\"\" lang=\"en\"><span title=\"Determinaci\u00f3n de Espesores por Ultrasonido (UTT) Monitoreo de corrosi\u00f3n y erosi\u00f3n en tuber\u00edas y equipos. \">Corrosion and erosion monitoring in pipes and equipment.<br \/>\n<\/span><span title=\"Perdida de pared en intercambiadores de calor, tubos de calderas, estructuras como puentes, etc. \">Loss of wall in heat exchangers, boiler tubes, structures like bridges, etc.<\/span><\/span><\/span><\/div>\n<p>&nbsp;<\/p>\n<p>&nbsp;<\/p>\n<h4 class=\"trans-verified-button-small\" dir=\"ltr\"><span class=\"\" lang=\"en\"><span class=\"\" lang=\"en\"><span title=\"1.4.\">1.4. <\/span><span title=\"Part\u00edculas Magn\u00e9ticas (MT) Aplicando t\u00e9cnica seca o h\u00fameda, visible con luz natural o fluorescente. \">Magnetic Particles (MT) Applying dry or moist technique, <\/span><\/span><\/span><\/h4>\n<div class=\"trans-verified-button-small\" dir=\"ltr\"><\/div>\n<div class=\"trans-verified-button-small\" dir=\"ltr\"><\/div>\n<div class=\"trans-verified-button-small\" dir=\"ltr\"><span class=\"\" lang=\"en\"><span class=\"\" lang=\"en\"><span title=\"Part\u00edculas Magn\u00e9ticas (MT) Aplicando t\u00e9cnica seca o h\u00fameda, visible con luz natural o fluorescente. \">visible with natural or fluorescent light.<br \/>\n<\/span><span title=\"Determinaci\u00f3n de defectos de fabricaci\u00f3n superficiales y subsuperficiales en piezas ferromagn\u00e9ticas. \">Determination of surface and subsurface manufacturing defects in ferromagnetic parts.<br \/>\n<\/span><span title=\"Determinaci\u00f3n de grietas por servicio en Engranajes, Pi\u00f1ones, Trunnion, Ejes, etc., en componentes de molinos de Bolas, Sag en la industria extractiva. \">Determination of cracks for service in Gears, Pinions, Trunnion, Shafts, etc., in components of Ball mills, Sag in the extractive industry.<br \/>\n<\/span><span title=\"Determinaci\u00f3n de grietas en estructuras soldadas, post eventos sismicos o sobreesfuerzos. \">Determination of cracks in welded structures, seismic post events or overexertion.<\/span><\/span><\/span><\/div>\n<p>&nbsp;<\/p>\n<h4 class=\"trans-verified-button-small\" dir=\"ltr\"><span id=\"result_box\" class=\"\" lang=\"en\"><span title=\"1.5.\">1.5. <\/span><span title=\"L\u00edquidos Penetrantes (PT) Penetrantes Fluorescentes visibles con Luz Negra, t\u00e9cnicas tipo \u201cI\u201d: o M\u00e9todos \u201cA y C\u201d, Lavables Con Agua.\">Penetrating Fluids (PT) Visible Fluorescent with Black Light, &#8220;I&#8221; techniques: o Methods &#8220;A and C&#8221;,<\/span><\/span><\/h4>\n<\/div>\n<div class=\"trans-verified-button-small\" dir=\"ltr\"><\/div>\n<div id=\"gt-res-content\">\n<div class=\"trans-verified-button-small\" dir=\"ltr\"><\/div>\n<div class=\"trans-verified-button-small\" dir=\"ltr\"><span id=\"result_box\" class=\"\" lang=\"en\"><span title=\"L\u00edquidos Penetrantes (PT) Penetrantes Fluorescentes visibles con Luz Negra, t\u00e9cnicas tipo \u201cI\u201d: o M\u00e9todos \u201cA y C\u201d, Lavables Con Agua.\"> Washable with Water. <\/span><span title=\"o M\u00e9todos \u201cB, C y D\u201d, Postemulsificables, Hidrof\u00edlicos o Lipof\u00edlicos.\">Or &#8220;B, C and D&#8221;, Post-emulsifiable, Hydrophilic or Lipophilic Methods. <\/span><span title=\"Penetrantes Rojos visibles con Luz Natural, t\u00e9cnicas tipo \u201cII\u201d: o M\u00e9todos \u201cA y C\u201d, Lavables Con Agua.\">Penetrant Reds visible with Natural Light, techniques type &#8220;II&#8221;: o Methods &#8220;A and C&#8221;, Washable with Water. <\/span><span title=\"o M\u00e9todo \u201cC\u201d, Postemulsificables a base de solvente.\">Or &#8220;C&#8221; Method, Solvent-based Post-Emulsifiable. <\/span><span title=\"Campo de aplicaci\u00f3n: Determinaci\u00f3n de defectos abiertos a la superficie en piezas ferromagn\u00e9ticas y no ferromagn\u00e9ticas. \">Field of application: Determination of defects open to the surface in ferromagnetic and non-ferromagnetic parts.<br \/>\n<\/span><span title=\"Determinaci\u00f3n de grietas en partes de veh\u00edculos, cig\u00fce\u00f1ales, ejes, culatas, etc. \">Determination of cracks in parts of vehicles, crankshafts, shafts, cylinder heads, etc.<br \/>\n<\/span><span title=\"Determinaci\u00f3n de discontinuidades superficiales en soldaduras.\">Determination of surface discontinuities in welds.<\/span><\/span><\/div>\n<\/div>\n<div id=\"gt-res-tools\"><\/div>\n<div id=\"gt-text-top\"><\/div>\n<p>&nbsp;","protected":false},"excerpt":{"rendered":"<p>1.1. Industrial Radiography (RT) Determination of discontinuities in pipe welds, tanks, structures, pressure vessels, etc. Determination of discontinuities in forged materials, castings and raw materials. Applicable in ferrous and non-ferrous materials and ceramics. &nbsp; 1.2. Conventional Ultrasound (UT) and Phase Arrangement: Determination of discontinuities in pipe welds, tanks, structures, pressure vessels, etc. Determination of discontinuities &hellip; <\/p>\n","protected":false},"author":1,"featured_media":0,"parent":16,"menu_order":1,"comment_status":"open","ping_status":"open","template":"","meta":{"footnotes":""},"_links":{"self":[{"href":"https:\/\/www.ems.com.gt\/ing\/en\/wp-json\/wp\/v2\/pages\/18"}],"collection":[{"href":"https:\/\/www.ems.com.gt\/ing\/en\/wp-json\/wp\/v2\/pages"}],"about":[{"href":"https:\/\/www.ems.com.gt\/ing\/en\/wp-json\/wp\/v2\/types\/page"}],"author":[{"embeddable":true,"href":"https:\/\/www.ems.com.gt\/ing\/en\/wp-json\/wp\/v2\/users\/1"}],"replies":[{"embeddable":true,"href":"https:\/\/www.ems.com.gt\/ing\/en\/wp-json\/wp\/v2\/comments?post=18"}],"version-history":[{"count":13,"href":"https:\/\/www.ems.com.gt\/ing\/en\/wp-json\/wp\/v2\/pages\/18\/revisions"}],"predecessor-version":[{"id":360,"href":"https:\/\/www.ems.com.gt\/ing\/en\/wp-json\/wp\/v2\/pages\/18\/revisions\/360"}],"up":[{"embeddable":true,"href":"https:\/\/www.ems.com.gt\/ing\/en\/wp-json\/wp\/v2\/pages\/16"}],"wp:attachment":[{"href":"https:\/\/www.ems.com.gt\/ing\/en\/wp-json\/wp\/v2\/media?parent=18"}],"curies":[{"name":"wp","href":"https:\/\/api.w.org\/{rel}","templated":true}]}}