{"id":13,"date":"2011-11-08T22:56:03","date_gmt":"2011-11-08T22:56:03","guid":{"rendered":"http:\/\/www.ems.com.gt\/ing\/?page_id=13"},"modified":"2020-07-19T03:18:08","modified_gmt":"2020-07-19T03:18:08","slug":"our-staff-and-their-qualification","status":"publish","type":"page","link":"https:\/\/www.ems.com.gt\/ing\/en\/company\/our-staff-and-their-qualification\/","title":{"rendered":"STAFF,  QUALIFICATIONS AND EXPERIENCES"},"content":{"rendered":"<p style=\"text-align: justify;\">\n<p style=\"text-align: justify;\">The most valuable resource of <strong>EMS <\/strong>is undoubtedly its staff, for its preparation and experience. Among our staff we have specialist engineers, as well as technicians at different levels in various techniques.\u00a0EMS has Written Practice according to <strong>ASNT TC 1A<\/strong>, for the training, qualifications and certifications of out staff in non destructive testing.\u00a0\u00a0EMS also employ procedures according to <strong>ASME SECTION V, AWS y API<\/strong> <span id=\"result_box\" class=\"\" lang=\"en\"><span title=\"EMS, cuenta con procedimientos de acuerdo a ASME SECTION V, AWS, API, para la ejecuci\u00f3n correcta de los ensayos. \"> for the correct execution of the tests.\u00a0<\/span><\/span><\/p>\n<p>Our staff has been certified and qualified by he following institutions:<\/p>\n<p><a href=\"http:\/\/www.ems.com.gt\/ing\/wp-content\/uploads\/cuadro1.png\"><img loading=\"lazy\" decoding=\"async\" class=\"aligncenter wp-image-531 size-full\" src=\"https:\/\/www.ems.com.gt\/ing\/wp-content\/uploads\/cuadro1.png\" alt=\"\" width=\"648\" height=\"648\" srcset=\"https:\/\/www.ems.com.gt\/ing\/wp-content\/uploads\/cuadro1.png 648w, https:\/\/www.ems.com.gt\/ing\/wp-content\/uploads\/cuadro1-150x150.png 150w, https:\/\/www.ems.com.gt\/ing\/wp-content\/uploads\/cuadro1-300x300.png 300w\" sizes=\"(max-width: 648px) 100vw, 648px\" \/><\/a><\/p>\n<p><a href=\"http:\/\/www.ems.com.gt\/ing\/wp-content\/uploads\/WhatsApp-Image-2020-06-23-at-11.15.54-1.jpeg\"><img loading=\"lazy\" decoding=\"async\" class=\"aligncenter wp-image-533 size-full\" src=\"https:\/\/www.ems.com.gt\/ing\/wp-content\/uploads\/WhatsApp-Image-2020-06-23-at-11.15.54-1.jpeg\" alt=\"\" width=\"648\" height=\"216\" srcset=\"https:\/\/www.ems.com.gt\/ing\/wp-content\/uploads\/WhatsApp-Image-2020-06-23-at-11.15.54-1.jpeg 648w, https:\/\/www.ems.com.gt\/ing\/wp-content\/uploads\/WhatsApp-Image-2020-06-23-at-11.15.54-1-300x100.jpeg 300w\" sizes=\"(max-width: 648px) 100vw, 648px\" \/><\/a><\/p>\n<ul>\n<li>AWS (AMERICAN WELDING SOCIETY): CWI<\/li>\n<li>ASNDT ( AMERICAN SOCIETY FOR NON DESTRUCTIVE TESTING): Industrial Radiography, Visual Testing, Ultrasonic Testing, Eddy Current Testing, Magnetic Testing, Penetrant Testing<\/li>\n<li>CINDE (CANADIAN SOCIETY FOR NON DESTRUCTIVE TESTING): Industrial Radiography<\/li>\n<li>DGE (DIRECCI\u00d3N GENERAL DE ENERGIA)<\/li>\n<li>ESPOL (ESCUELA SUPERIOR POLITECNICA DEL LITORAL)<\/li>\n<li>ER&amp;E (EXXON RESEARCH AND ENGINEERING COMPANY, GULF COAST DIVISION, QA SECTION)<\/li>\n<li>INTERNATIONAL ATOMIC ENERGY AGENCY<\/li>\n<li>INSTITUTO DE ASUNTOS NUCLEARES DE BOGOT\u00c1, COLOMBIA<\/li>\n<li>UNIVERSIDAD PEDAG\u00d3GICA Y TECNOL\u00d3GICA DE COLOMBIA (UTPC). TUNJA, BOYACA, COLOMBIA<\/li>\n<li>HELLIER HOUSTON RADIATION SAFETY OFICER REFRESHMENT LEVEL III, BASIC &amp; UT LEVEL III<\/li>\n<li>AMERICAN PETROLEUM INSTITUTE (API)<\/li>\n<li>INSPECTOR CERTIFICADO TANQUES 653<\/li>\n<li>NDT SPECIALIST, COLORADO, USA: calificaci\u00f3n Nivel II, Radiograf\u00eda Industrial, Ultrasonido y Part\u00edculas Magn\u00e9ticas<\/li>\n<li>ANAENDA, CARACAS, VENEZUELA<\/li>\n<li>NDT CONSULTING, EL SALVADOR<\/li>\n<li>SILVERNET\/NTCE, BARRANCA BERMEJA, COLOMBIA<\/li>\n<li>LLOG S.A. DE C.V., CDMX<\/li>\n<li>CAPACITACION Y PRUEBAS NO DESTRUCTIVAS CDMX<\/li>\n<li><span title=\"DGEN (DIRECCI\u00d3N GENERAL DE ENERGIA NUCLEAR) \">DGEN (DIRECTORATE-GENERAL FOR NUCLEAR ENERGY)<\/span><\/li>\n<li><span style=\"font-size: inherit;\">AMERICAN PETROLEUM INSTITUTE (API)<\/span><\/li>\n<li><span style=\"font-size: inherit;\">CERTIFIED INSPECTOR TANKS 653<\/span><\/li>\n<\/ul>","protected":false},"excerpt":{"rendered":"<p>The most valuable resource of EMS is undoubtedly its staff, for its preparation and experience. Among our staff we have specialist engineers, as well as technicians at different levels in various techniques.\u00a0EMS has Written Practice according to ASNT TC 1A, for the training, qualifications and certifications of out staff in non destructive testing.\u00a0\u00a0EMS also employ &hellip; <\/p>\n","protected":false},"author":1,"featured_media":0,"parent":2,"menu_order":2,"comment_status":"open","ping_status":"open","template":"","meta":{"footnotes":""},"_links":{"self":[{"href":"https:\/\/www.ems.com.gt\/ing\/en\/wp-json\/wp\/v2\/pages\/13"}],"collection":[{"href":"https:\/\/www.ems.com.gt\/ing\/en\/wp-json\/wp\/v2\/pages"}],"about":[{"href":"https:\/\/www.ems.com.gt\/ing\/en\/wp-json\/wp\/v2\/types\/page"}],"author":[{"embeddable":true,"href":"https:\/\/www.ems.com.gt\/ing\/en\/wp-json\/wp\/v2\/users\/1"}],"replies":[{"embeddable":true,"href":"https:\/\/www.ems.com.gt\/ing\/en\/wp-json\/wp\/v2\/comments?post=13"}],"version-history":[{"count":31,"href":"https:\/\/www.ems.com.gt\/ing\/en\/wp-json\/wp\/v2\/pages\/13\/revisions"}],"predecessor-version":[{"id":568,"href":"https:\/\/www.ems.com.gt\/ing\/en\/wp-json\/wp\/v2\/pages\/13\/revisions\/568"}],"up":[{"embeddable":true,"href":"https:\/\/www.ems.com.gt\/ing\/en\/wp-json\/wp\/v2\/pages\/2"}],"wp:attachment":[{"href":"https:\/\/www.ems.com.gt\/ing\/en\/wp-json\/wp\/v2\/media?parent=13"}],"curies":[{"name":"wp","href":"https:\/\/api.w.org\/{rel}","templated":true}]}}